{"id":3,"date":"2020-09-22T17:58:58","date_gmt":"2020-09-22T17:58:58","guid":{"rendered":"http:\/\/choicespineifu.wpengine.com\/?page_id=3"},"modified":"2024-06-05T08:29:41","modified_gmt":"2024-06-05T12:29:41","slug":"privacy-policy","status":"publish","type":"page","link":"https:\/\/choicespine-eifu.com\/pt\/privacy-policy\/","title":{"rendered":"Pol\u00edtica de Privacidade"},"content":{"rendered":"<style>.kb-row-layout-id3_a036a5-e4 > .kt-row-column-wrap{align-content:start;}:where(.kb-row-layout-id3_a036a5-e4 > .kt-row-column-wrap) > .wp-block-kadence-column{justify-content:start;}.kb-row-layout-id3_a036a5-e4 > .kt-row-column-wrap{column-gap:var(--global-kb-gap-md, 2rem);row-gap:var(--global-kb-gap-md, 2rem);max-width:1340px;padding-top:var(--global-kb-spacing-sm, 1.5rem);padding-right:var(--global-kb-spacing-md, 2rem);padding-bottom:var(--global-kb-spacing-sm, 1.5rem);padding-left:var(--global-kb-spacing-md, 2rem);grid-template-columns:minmax(0, 1fr);}.kb-row-layout-id3_a036a5-e4 > .kt-row-layout-overlay{opacity:0.30;}@media all and (max-width: 1024px){.kb-row-layout-id3_a036a5-e4 > .kt-row-column-wrap{grid-template-columns:minmax(0, 1fr);}}@media all and (max-width: 767px){.kb-row-layout-id3_a036a5-e4 > .kt-row-column-wrap{grid-template-columns:minmax(0, 1fr);}}<\/style><div class=\"kb-row-layout-wrap kb-row-layout-id3_a036a5-e4 alignnone wp-block-kadence-rowlayout\"><div class=\"kt-row-column-wrap kt-has-1-columns kt-row-layout-equal kt-tab-layout-inherit kt-mobile-layout-row kt-row-valign-top kb-theme-content-width\">\n<style>.kadence-column3_ad532a-7e > .kt-inside-inner-col,.kadence-column3_ad532a-7e > .kt-inside-inner-col:before{border-top-left-radius:0px;border-top-right-radius:0px;border-bottom-right-radius:0px;border-bottom-left-radius:0px;}.kadence-column3_ad532a-7e > .kt-inside-inner-col{column-gap:var(--global-kb-gap-sm, 1rem);}.kadence-column3_ad532a-7e > .kt-inside-inner-col{flex-direction:column;}.kadence-column3_ad532a-7e > .kt-inside-inner-col > .aligncenter{width:100%;}.kadence-column3_ad532a-7e > .kt-inside-inner-col:before{opacity:0.3;}.kadence-column3_ad532a-7e{position:relative;}@media all and (max-width: 1024px){.kadence-column3_ad532a-7e > .kt-inside-inner-col{flex-direction:column;}}@media all and (max-width: 767px){.kadence-column3_ad532a-7e > .kt-inside-inner-col{flex-direction:column;}}<\/style>\n<div class=\"wp-block-kadence-column kadence-column3_ad532a-7e inner-column-1\"><div class=\"kt-inside-inner-col\">\n<h1 class=\"wp-block-heading\">Pol\u00edtica de Privacidade<\/h1>\n\n\n\n<h3 class=\"wp-block-heading\">Quem n\u00f3s somos<\/h3>\n\n\n\n<p>Este aviso de privacidade divulga as pr\u00e1ticas de privacidade da ChoiceSpine e do nosso site: escolhaspine-eifu.com. Este aviso de privacidade aplica-se exclusivamente \u00e0s informa\u00e7\u00f5es coletadas por este site, salvo indica\u00e7\u00e3o em contr\u00e1rio.<\/p>\n\n\n\n<h3 class=\"wp-block-heading\">Quais dados coletamos e por qu\u00ea<\/h3>\n\n\n\n<h4 class=\"wp-block-heading\">Formul\u00e1rios de contato<\/h4>\n\n\n\n<p>Quando os visitantes deixam mensagens no site, coletamos os dados mostrados no formul\u00e1rio de contato, seu endere\u00e7o IP e a string do agente do usu\u00e1rio do navegador para ajudar na detec\u00e7\u00e3o de spam e nos esfor\u00e7os de preven\u00e7\u00e3o. Isso pode incluir seu nome, e-mail, nome da empresa e quaisquer mensagens enviadas por correspond\u00eancia enquanto estiver em nosso site.<\/p>\n\n\n\n<h4 class=\"wp-block-heading\">Cookies no local<\/h4>\n\n\n\n<p>Nosso site usa \u201ccookies\u201d para identificar as \u00e1reas de nosso site que voc\u00ea visitou. Um Cookie \u00e9 um pequeno peda\u00e7o de dados armazenado em seu computador ou dispositivo m\u00f3vel por seu navegador da web. Usamos Cookies para personalizar o conte\u00fado que voc\u00ea v\u00ea em nosso site. A maioria dos navegadores da web pode ser configurada para desabilitar o uso de Cookies. No entanto, se voc\u00ea desabilitar os cookies, pode n\u00e3o conseguir acessar a funcionalidade em nosso site corretamente ou de forma alguma. Nunca colocamos informa\u00e7\u00f5es de identifica\u00e7\u00e3o pessoal em cookies.<\/p>\n\n\n\n<p>Alguns de nossos parceiros de neg\u00f3cios podem usar cookies em nosso site (por exemplo, fornecedores de ferramentas de publicidade e marketing). No entanto, n\u00e3o temos acesso ou controle sobre esses cookies.<\/p>\n\n\n\n<h4 class=\"wp-block-heading\">Conte\u00fado incorporado de outros sites<\/h4>\n\n\n\n<p>Os artigos neste site podem incluir conte\u00fado incorporado (por exemplo, v\u00eddeos, imagens, artigos, etc.). O conte\u00fado incorporado de outros sites se comporta exatamente da mesma maneira como se o visitante tivesse visitado o outro site.<\/p>\n\n\n\n<p>Esses sites podem coletar dados sobre voc\u00ea, usar cookies, incorporar rastreamento adicional de terceiros e monitorar sua intera\u00e7\u00e3o com esse conte\u00fado incorporado, incluindo o rastreamento de sua intera\u00e7\u00e3o com o conte\u00fado incorporado, se voc\u00ea tiver uma conta e estiver conectado a esse site.<\/p>\n\n\n\n<p>Um exemplo comum disso seria um v\u00eddeo do YouTube incorporado.<\/p>\n\n\n\n<h4 class=\"wp-block-heading\">Analytics (Cookies, Web Beacons e outras tecnologias de rastreamento)<\/h4>\n\n\n\n<p>Como outras empresas na Internet, usamos v\u00e1rios servi\u00e7os habilitados para Cookie e Web Beacon. Esses servi\u00e7os geralmente fornecem informa\u00e7\u00f5es an\u00f4nimas sobre visitantes e seus dispositivos de computador, e aqueles que interagem com nossos esfor\u00e7os de marketing. Em todos os casos dos servi\u00e7os a seguir, n\u00e3o controlamos os dados que eles coletam e como s\u00e3o usados. Para cada servi\u00e7o, voc\u00ea precisar\u00e1 ler suas pol\u00edticas de privacidade para entender como eles fazem uso dos dados coletados em suas atividades. Se voc\u00ea precisar que a\u00e7\u00f5es sejam tomadas com seus dados, voc\u00ea tamb\u00e9m precisar\u00e1 entrar em contato com as partes \u00e0s quais voc\u00ea se op\u00f5e ao uso de dados coletados de suas atividades.<\/p>\n\n\n\n<h5 class=\"wp-block-heading\">Google Analytics<\/h5>\n\n\n\n<p>Aproveitamos o Google Analytics para entender melhor o que nossos visitantes procuram e como interagem com nosso site. Essas informa\u00e7\u00f5es s\u00e3o an\u00f4nimas e n\u00e3o nos fornecem nenhuma informa\u00e7\u00e3o identific\u00e1vel sobre voc\u00ea. Voc\u00ea pode ler mais sobre como seus dados s\u00e3o protegidos pelo Google aqui:&nbsp;<a href=\"https:\/\/support.google.com\/analytics\/answer\/6004245\" target=\"_blank\" rel=\"noreferrer noopener\">https:\/\/support.google.com\/analytics\/answer\/6004245<\/a><\/p>\n\n\n\n<p>Para obter mais informa\u00e7\u00f5es sobre as pr\u00e1ticas de privacidade do Google, visite:<a href=\"https:\/\/policies.google.com\/privacy\" target=\"_blank\" rel=\"noreferrer noopener\">&nbsp;https:\/\/policies.google.com\/privacy<\/a><\/p>\n\n\n\n<h5 class=\"wp-block-heading\">Google Universal Analytics<\/h5>\n\n\n\n<p>Aproveitamos o Google Universal Analytics para obter uma compreens\u00e3o mais aprofundada dos interesses e h\u00e1bitos dos visitantes. Essas informa\u00e7\u00f5es an\u00f4nimas s\u00e3o vinculadas por meio de um ID de usu\u00e1rio exclusivo e s\u00e3o armazenadas e fornecidas pelo Google. Voc\u00ea pode ler mais sobre como seus dados s\u00e3o protegidos pelo Google aqui:&nbsp;<a href=\"https:\/\/support.google.com\/analytics\/answer\/6004245\" target=\"_blank\" rel=\"noreferrer noopener\">https:\/\/support.google.com\/analytics\/answer\/6004245<\/a><\/p>\n\n\n\n<p>Para obter mais informa\u00e7\u00f5es sobre as pr\u00e1ticas de privacidade do Google, visite:<a href=\"https:\/\/policies.google.com\/privacy\" target=\"_blank\" rel=\"noreferrer noopener\">&nbsp;https:\/\/policies.google.com\/privacy<\/a><\/p>\n\n\n\n<h3 class=\"wp-block-heading\">Com quem compartilhamos seus dados<\/h3>\n\n\n\n<p>N\u00e3o compartilhamos nenhum dado que coletamos com terceiros. Quaisquer dados usados fora deste site s\u00e3o coletados de nossos servi\u00e7os de parceiros de rastreamento listados acima na se\u00e7\u00e3o Analytics.<\/p>\n\n\n\n<h3 class=\"wp-block-heading\">Quais direitos voc\u00ea tem sobre seus dados<\/h3>\n\n\n\n<p>Se voc\u00ea deixou coment\u00e1rios ou informa\u00e7\u00f5es de contato atrav\u00e9s de nosso site, pode solicitar o recebimento de um arquivo exportado dos dados pessoais que mantemos sobre voc\u00ea, incluindo quaisquer dados que voc\u00ea nos forneceu. Voc\u00ea tamb\u00e9m pode solicitar que apagemos todos os dados pessoais que temos sobre voc\u00ea. Isso n\u00e3o inclui quaisquer dados que somos obrigados a manter para fins administrativos, legais ou de seguran\u00e7a.<\/p>\n\n\n\n<h3 class=\"wp-block-heading\">Para onde enviamos seus dados<\/h3>\n\n\n\n<p>Os coment\u00e1rios dos visitantes podem ser verificados por meio de um servi\u00e7o automatizado de detec\u00e7\u00e3o de spam. A atividade do visitante pode ser coletada por meio de qualquer um dos servi\u00e7os de parceiros do Analytics listados acima na se\u00e7\u00e3o Rastreamento.<\/p>\n\n\n\n<h3 class=\"wp-block-heading\">sua informa\u00e7\u00e3o de contato<\/h3>\n\n\n\n<p>Se voc\u00ea optar por entrar em contato conosco ou se inscrever em nosso boletim informativo, manteremos suas informa\u00e7\u00f5es de contato para entrar em contato com voc\u00ea. Voc\u00ea mant\u00e9m o direito de solicitar a remo\u00e7\u00e3o de novos contatos a qualquer momento.<\/p>\n\n\n\n<h3 class=\"wp-block-heading\">informa\u00e7\u00e3o adicional<\/h3>\n\n\n\n<h4 class=\"wp-block-heading\">Como protegemos seus dados<\/h4>\n\n\n\n<p>Utilizamos ferramentas e servi\u00e7os de an\u00e1lise e rastreamento de terceiros que mant\u00eam um status de reputa\u00e7\u00e3o na ind\u00fastria. Embora o vazamento de dados aconte\u00e7a, n\u00e3o contamos com dados pessoais identific\u00e1veis coletados por qualquer um desses servi\u00e7os.<\/p>\n\n\n\n<h4 class=\"wp-block-heading\">Quais procedimentos de viola\u00e7\u00e3o de dados temos em vigor<\/h4>\n\n\n\n<p>N\u00e3o armazenamos nenhuma informa\u00e7\u00e3o de identifica\u00e7\u00e3o pessoal em nosso site. Quaisquer ferramentas ou servi\u00e7os anal\u00edticos ou de rastreamento de terceiros que utilizamos t\u00eam seus pr\u00f3prios procedimentos e documenta\u00e7\u00e3o fornecidos para consumo p\u00fablico. Consulte a se\u00e7\u00e3o Analytics acima.<\/p>\n\n\n\n<h4 class=\"wp-block-heading\">De quais terceiros recebemos dados<\/h4>\n\n\n\n<p>Consulte a se\u00e7\u00e3o Analytics acima.<\/p>\n\n\n\n<h4 class=\"wp-block-heading\">Que tomada de decis\u00e3o e \/ ou cria\u00e7\u00e3o de perfil automatizada fazemos com os dados do usu\u00e1rio<\/h4>\n\n\n\n<p>Consulte a se\u00e7\u00e3o Analytics acima.<\/p>\n<\/div><\/div>\n\n<\/div><\/div>","protected":false},"excerpt":{"rendered":"<p>Pol\u00edtica de privacidade Quem somos Este aviso de privacidade divulga as pr\u00e1ticas de privacidade da ChoiceSpine e do nosso site: escolhaspine-eifu.com. Este aviso de privacidade aplica-se exclusivamente \u00e0s informa\u00e7\u00f5es coletadas por este site, salvo indica\u00e7\u00e3o em contr\u00e1rio. Quais dados coletamos e por que formul\u00e1rios de contato Quando os visitantes deixam mensagens no site coletamos os dados mostrados no [\u2026]<\/p>","protected":false},"author":3,"featured_media":0,"parent":0,"menu_order":0,"comment_status":"closed","ping_status":"open","template":"","meta":{"_acf_changed":false,"_kad_blocks_custom_css":"","_kad_blocks_head_custom_js":"","_kad_blocks_body_custom_js":"","_kad_blocks_footer_custom_js":"","footnotes":""},"class_list":["post-3","page","type-page","status-publish","hentry"],"acf":[],"yoast_head":"<!-- This site is optimized with the Yoast SEO plugin v22.8 - https:\/\/yoast.com\/wordpress\/plugins\/seo\/ -->\n<title>Privacy Policy - ChoiceSpine IFU<\/title>\n<meta name=\"robots\" content=\"index, follow, max-snippet:-1, max-image-preview:large, max-video-preview:-1\" \/>\n<link rel=\"canonical\" href=\"https:\/\/choicespine-eifu.com\/pt\/privacy-policy\/\" \/>\n<meta property=\"og:locale\" content=\"pt_PT\" \/>\n<meta property=\"og:type\" content=\"article\" \/>\n<meta property=\"og:title\" content=\"Privacy Policy - ChoiceSpine IFU\" \/>\n<meta property=\"og:description\" content=\"Privacy Policy Who We Are This privacy notice discloses the privacy practices for ChoiceSpine and our website: choicespine-eifu.com. This privacy notice applies solely to information collected by this website, except where stated otherwise. What Data We Collect and Why Contact Forms When visitors leave messages on the site we collect the data shown in the [&hellip;]\" \/>\n<meta property=\"og:url\" content=\"https:\/\/choicespine-eifu.com\/pt\/privacy-policy\/\" \/>\n<meta property=\"og:site_name\" content=\"ChoiceSpine IFU\" \/>\n<meta property=\"article:modified_time\" content=\"2024-06-05T12:29:41+00:00\" \/>\n<meta name=\"twitter:card\" content=\"summary_large_image\" \/>\n<script type=\"application\/ld+json\" class=\"yoast-schema-graph\">{\"@context\":\"https:\/\/schema.org\",\"@graph\":[{\"@type\":\"WebPage\",\"@id\":\"https:\/\/choicespine-eifu.com\/privacy-policy\/\",\"url\":\"https:\/\/choicespine-eifu.com\/privacy-policy\/\",\"name\":\"Privacy Policy - ChoiceSpine IFU\",\"isPartOf\":{\"@id\":\"https:\/\/choicespine-eifu.com\/#website\"},\"datePublished\":\"2020-09-22T17:58:58+00:00\",\"dateModified\":\"2024-06-05T12:29:41+00:00\",\"inLanguage\":\"pt-PT\",\"potentialAction\":[{\"@type\":\"ReadAction\",\"target\":[\"https:\/\/choicespine-eifu.com\/privacy-policy\/\"]}]},{\"@type\":\"WebSite\",\"@id\":\"https:\/\/choicespine-eifu.com\/#website\",\"url\":\"https:\/\/choicespine-eifu.com\/\",\"name\":\"ChoiceSpine IFU\",\"description\":\"ChoiceSpine IFU\",\"potentialAction\":[{\"@type\":\"SearchAction\",\"target\":{\"@type\":\"EntryPoint\",\"urlTemplate\":\"https:\/\/choicespine-eifu.com\/?s={search_term_string}\"},\"query-input\":\"required name=search_term_string\"}],\"inLanguage\":\"pt-PT\"}]}<\/script>\n<!-- \/ Yoast SEO plugin. -->","yoast_head_json":{"title":"Privacy Policy - ChoiceSpine IFU","robots":{"index":"index","follow":"follow","max-snippet":"max-snippet:-1","max-image-preview":"max-image-preview:large","max-video-preview":"max-video-preview:-1"},"canonical":"https:\/\/choicespine-eifu.com\/pt\/privacy-policy\/","og_locale":"pt_PT","og_type":"article","og_title":"Privacy Policy - ChoiceSpine IFU","og_description":"Privacy Policy Who We Are This privacy notice discloses the privacy practices for ChoiceSpine and our website: choicespine-eifu.com. This privacy notice applies solely to information collected by this website, except where stated otherwise. What Data We Collect and Why Contact Forms When visitors leave messages on the site we collect the data shown in the [&hellip;]","og_url":"https:\/\/choicespine-eifu.com\/pt\/privacy-policy\/","og_site_name":"ChoiceSpine IFU","article_modified_time":"2024-06-05T12:29:41+00:00","twitter_card":"summary_large_image","schema":{"@context":"https:\/\/schema.org","@graph":[{"@type":"WebPage","@id":"https:\/\/choicespine-eifu.com\/privacy-policy\/","url":"https:\/\/choicespine-eifu.com\/privacy-policy\/","name":"Privacy Policy - ChoiceSpine IFU","isPartOf":{"@id":"https:\/\/choicespine-eifu.com\/#website"},"datePublished":"2020-09-22T17:58:58+00:00","dateModified":"2024-06-05T12:29:41+00:00","inLanguage":"pt-PT","potentialAction":[{"@type":"ReadAction","target":["https:\/\/choicespine-eifu.com\/privacy-policy\/"]}]},{"@type":"WebSite","@id":"https:\/\/choicespine-eifu.com\/#website","url":"https:\/\/choicespine-eifu.com\/","name":"ChoiceSpine IFU","description":"ChoiceSpine IFU","potentialAction":[{"@type":"SearchAction","target":{"@type":"EntryPoint","urlTemplate":"https:\/\/choicespine-eifu.com\/?s={search_term_string}"},"query-input":"required name=search_term_string"}],"inLanguage":"pt-PT"}]}},"taxonomy_info":[],"featured_image_src_large":false,"author_info":{"display_name":"Asen Marketing","author_link":"https:\/\/choicespine-eifu.com\/pt\/author\/asenadmin\/"},"comment_info":"","_links":{"self":[{"href":"https:\/\/choicespine-eifu.com\/pt\/wp-json\/wp\/v2\/pages\/3","targetHints":{"allow":["GET"]}}],"collection":[{"href":"https:\/\/choicespine-eifu.com\/pt\/wp-json\/wp\/v2\/pages"}],"about":[{"href":"https:\/\/choicespine-eifu.com\/pt\/wp-json\/wp\/v2\/types\/page"}],"author":[{"embeddable":true,"href":"https:\/\/choicespine-eifu.com\/pt\/wp-json\/wp\/v2\/users\/3"}],"replies":[{"embeddable":true,"href":"https:\/\/choicespine-eifu.com\/pt\/wp-json\/wp\/v2\/comments?post=3"}],"version-history":[{"count":0,"href":"https:\/\/choicespine-eifu.com\/pt\/wp-json\/wp\/v2\/pages\/3\/revisions"}],"wp:attachment":[{"href":"https:\/\/choicespine-eifu.com\/pt\/wp-json\/wp\/v2\/media?parent=3"}],"curies":[{"name":"wp","href":"https:\/\/api.w.org\/{rel}","templated":true}]}}