{"id":274,"date":"2020-10-06T08:12:10","date_gmt":"2020-10-06T12:12:10","guid":{"rendered":"https:\/\/choicespineifu.wpengine.com\/?page_id=274"},"modified":"2024-03-19T13:51:29","modified_gmt":"2024-03-19T17:51:29","slug":"terms-of-use","status":"publish","type":"page","link":"https:\/\/choicespine-eifu.com\/pt\/terms-of-use\/","title":{"rendered":"Termos de uso"},"content":{"rendered":"<style>.kb-row-layout-id274_21118f-7d > .kt-row-column-wrap{align-content:start;}:where(.kb-row-layout-id274_21118f-7d > .kt-row-column-wrap) > .wp-block-kadence-column{justify-content:start;}.kb-row-layout-id274_21118f-7d > .kt-row-column-wrap{column-gap:var(--global-kb-gap-md, 2rem);row-gap:var(--global-kb-gap-md, 2rem);max-width:1340px;padding-top:var(--global-kb-spacing-sm, 1.5rem);padding-right:var(--global-kb-spacing-md, 2rem);padding-bottom:var(--global-kb-spacing-sm, 1.5rem);padding-left:var(--global-kb-spacing-md, 2rem);grid-template-columns:minmax(0, 1fr);}.kb-row-layout-id274_21118f-7d > .kt-row-layout-overlay{opacity:0.30;}@media all and (max-width: 1024px){.kb-row-layout-id274_21118f-7d > .kt-row-column-wrap{grid-template-columns:minmax(0, 1fr);}}@media all and (max-width: 767px){.kb-row-layout-id274_21118f-7d > .kt-row-column-wrap{grid-template-columns:minmax(0, 1fr);}}<\/style><div class=\"kb-row-layout-wrap kb-row-layout-id274_21118f-7d alignnone wp-block-kadence-rowlayout\"><div class=\"kt-row-column-wrap kt-has-1-columns kt-row-layout-equal kt-tab-layout-inherit kt-mobile-layout-row kt-row-valign-top kb-theme-content-width\">\n<style>.kadence-column274_53321f-08 > .kt-inside-inner-col,.kadence-column274_53321f-08 > .kt-inside-inner-col:before{border-top-left-radius:0px;border-top-right-radius:0px;border-bottom-right-radius:0px;border-bottom-left-radius:0px;}.kadence-column274_53321f-08 > .kt-inside-inner-col{column-gap:var(--global-kb-gap-sm, 1rem);}.kadence-column274_53321f-08 > .kt-inside-inner-col{flex-direction:column;}.kadence-column274_53321f-08 > .kt-inside-inner-col > .aligncenter{width:100%;}.kadence-column274_53321f-08 > .kt-inside-inner-col:before{opacity:0.3;}.kadence-column274_53321f-08{position:relative;}@media all and (max-width: 1024px){.kadence-column274_53321f-08 > .kt-inside-inner-col{flex-direction:column;}}@media all and (max-width: 767px){.kadence-column274_53321f-08 > .kt-inside-inner-col{flex-direction:column;}}<\/style>\n<div class=\"wp-block-kadence-column kadence-column274_53321f-08 inner-column-1\"><div class=\"kt-inside-inner-col\">\n<h1 class=\"wp-block-heading\">Termos de uso<\/h1>\n\n\n<p>O site ChoiceSpine eIFU fornece instru\u00e7\u00f5es de uso (IFU) e outras informa\u00e7\u00f5es relacionadas para v\u00e1rios produtos da ChoiceSpine. Este site \u00e9 destinado apenas a profissionais de sa\u00fade. <\/p>\n<p>Se voc\u00ea precisar de uma c\u00f3pia impressa de qualquer documento IFU, solicite-o ao nosso departamento de Suporte de Vendas enviando um e-mail para salessupport@choicespine.com de segunda a sexta das 8h EST \u00e0s 17h EST e enviaremos uma c\u00f3pia impressa gratuita em sete (7) dias \u00fateis ap\u00f3s o recebimento da solicita\u00e7\u00e3o. Os requisitos m\u00ednimos do navegador s\u00e3o os seguintes: Chrome v89, Safari v14, Edge v89, Firefox v86, Opera v73.<\/p>\n<p>AVISO DE AVISO: Voc\u00ea est\u00e1 prestes a entrar em um Site Privado cujo uso est\u00e1 restrito ao uso autorizado em todo o mundo pela ChoiceSpine LLC e seus agentes autorizados (\u201ca Empresa\u201d); destina-se a profissionais de sa\u00fade e apenas para fins comerciais. O acesso n\u00e3o autorizado real ou tentativa, uso ou modifica\u00e7\u00e3o do site e seu conte\u00fado \u00e9 estritamente proibido pela Empresa. Usu\u00e1rios n\u00e3o autorizados e \/ ou uso n\u00e3o autorizado est\u00e3o sujeitos a penalidades criminais e \/ ou civis de acordo com as leis nacionais e estrangeiras aplic\u00e1veis. O uso deste site pode ser monitorado e registrado por motivos administrativos e de seguran\u00e7a. Se tal monitoramento e \/ ou registro revelar poss\u00edvel evid\u00eancia de atividade criminosa, a Empresa pode fornecer a evid\u00eancia monitorada de tal atividade aos encarregados da aplica\u00e7\u00e3o da lei. Voc\u00ea tamb\u00e9m concorda com os termos adicionais encontrados nos &#039;Termos de Uso \/ Aviso Legal&#039;, que podem ser acessados por meio do link &#039;Termos de Uso&#039; no canto inferior esquerdo das p\u00e1ginas do site.<\/p>\n<p>\u00a9 2026 ChoiceSpine LLC, salvo indica\u00e7\u00e3o em contr\u00e1rio. Todos os direitos reservados.<\/p>\n\n<\/div><\/div>\n\n<\/div><\/div>","protected":false},"excerpt":{"rendered":"<p>Termos de uso<\/p>","protected":false},"author":2,"featured_media":0,"parent":0,"menu_order":0,"comment_status":"closed","ping_status":"closed","template":"","meta":{"_acf_changed":false,"_kad_blocks_custom_css":"","_kad_blocks_head_custom_js":"","_kad_blocks_body_custom_js":"","_kad_blocks_footer_custom_js":"","footnotes":""},"class_list":["post-274","page","type-page","status-publish","hentry"],"acf":[],"yoast_head":"<!-- This site is optimized with the Yoast SEO plugin v22.8 - https:\/\/yoast.com\/wordpress\/plugins\/seo\/ -->\n<title>Terms of Use - ChoiceSpine IFU<\/title>\n<meta name=\"robots\" content=\"index, follow, max-snippet:-1, max-image-preview:large, max-video-preview:-1\" \/>\n<link rel=\"canonical\" href=\"https:\/\/choicespine-eifu.com\/pt\/terms-of-use\/\" \/>\n<meta property=\"og:locale\" content=\"pt_PT\" \/>\n<meta property=\"og:type\" content=\"article\" \/>\n<meta property=\"og:title\" content=\"Terms of Use - ChoiceSpine IFU\" \/>\n<meta property=\"og:description\" content=\"Terms of Use\" \/>\n<meta property=\"og:url\" content=\"https:\/\/choicespine-eifu.com\/pt\/terms-of-use\/\" \/>\n<meta property=\"og:site_name\" content=\"ChoiceSpine IFU\" \/>\n<meta property=\"article:modified_time\" content=\"2024-03-19T17:51:29+00:00\" \/>\n<meta name=\"twitter:card\" content=\"summary_large_image\" \/>\n<script type=\"application\/ld+json\" class=\"yoast-schema-graph\">{\"@context\":\"https:\/\/schema.org\",\"@graph\":[{\"@type\":\"WebPage\",\"@id\":\"https:\/\/choicespine-eifu.com\/terms-of-use\/\",\"url\":\"https:\/\/choicespine-eifu.com\/terms-of-use\/\",\"name\":\"Terms of Use - ChoiceSpine IFU\",\"isPartOf\":{\"@id\":\"https:\/\/choicespine-eifu.com\/#website\"},\"datePublished\":\"2020-10-06T12:12:10+00:00\",\"dateModified\":\"2024-03-19T17:51:29+00:00\",\"inLanguage\":\"pt-PT\",\"potentialAction\":[{\"@type\":\"ReadAction\",\"target\":[\"https:\/\/choicespine-eifu.com\/terms-of-use\/\"]}]},{\"@type\":\"WebSite\",\"@id\":\"https:\/\/choicespine-eifu.com\/#website\",\"url\":\"https:\/\/choicespine-eifu.com\/\",\"name\":\"ChoiceSpine IFU\",\"description\":\"ChoiceSpine IFU\",\"potentialAction\":[{\"@type\":\"SearchAction\",\"target\":{\"@type\":\"EntryPoint\",\"urlTemplate\":\"https:\/\/choicespine-eifu.com\/?s={search_term_string}\"},\"query-input\":\"required name=search_term_string\"}],\"inLanguage\":\"pt-PT\"}]}<\/script>\n<!-- \/ Yoast SEO plugin. -->","yoast_head_json":{"title":"Terms of Use - ChoiceSpine IFU","robots":{"index":"index","follow":"follow","max-snippet":"max-snippet:-1","max-image-preview":"max-image-preview:large","max-video-preview":"max-video-preview:-1"},"canonical":"https:\/\/choicespine-eifu.com\/pt\/terms-of-use\/","og_locale":"pt_PT","og_type":"article","og_title":"Terms of Use - ChoiceSpine IFU","og_description":"Terms of Use","og_url":"https:\/\/choicespine-eifu.com\/pt\/terms-of-use\/","og_site_name":"ChoiceSpine IFU","article_modified_time":"2024-03-19T17:51:29+00:00","twitter_card":"summary_large_image","schema":{"@context":"https:\/\/schema.org","@graph":[{"@type":"WebPage","@id":"https:\/\/choicespine-eifu.com\/terms-of-use\/","url":"https:\/\/choicespine-eifu.com\/terms-of-use\/","name":"Terms of Use - ChoiceSpine IFU","isPartOf":{"@id":"https:\/\/choicespine-eifu.com\/#website"},"datePublished":"2020-10-06T12:12:10+00:00","dateModified":"2024-03-19T17:51:29+00:00","inLanguage":"pt-PT","potentialAction":[{"@type":"ReadAction","target":["https:\/\/choicespine-eifu.com\/terms-of-use\/"]}]},{"@type":"WebSite","@id":"https:\/\/choicespine-eifu.com\/#website","url":"https:\/\/choicespine-eifu.com\/","name":"ChoiceSpine IFU","description":"ChoiceSpine IFU","potentialAction":[{"@type":"SearchAction","target":{"@type":"EntryPoint","urlTemplate":"https:\/\/choicespine-eifu.com\/?s={search_term_string}"},"query-input":"required name=search_term_string"}],"inLanguage":"pt-PT"}]}},"taxonomy_info":[],"featured_image_src_large":false,"author_info":{"display_name":"Quinton Mosley","author_link":"https:\/\/choicespine-eifu.com\/pt\/author\/quintonasenmarketing-com\/"},"comment_info":"","_links":{"self":[{"href":"https:\/\/choicespine-eifu.com\/pt\/wp-json\/wp\/v2\/pages\/274","targetHints":{"allow":["GET"]}}],"collection":[{"href":"https:\/\/choicespine-eifu.com\/pt\/wp-json\/wp\/v2\/pages"}],"about":[{"href":"https:\/\/choicespine-eifu.com\/pt\/wp-json\/wp\/v2\/types\/page"}],"author":[{"embeddable":true,"href":"https:\/\/choicespine-eifu.com\/pt\/wp-json\/wp\/v2\/users\/2"}],"replies":[{"embeddable":true,"href":"https:\/\/choicespine-eifu.com\/pt\/wp-json\/wp\/v2\/comments?post=274"}],"version-history":[{"count":0,"href":"https:\/\/choicespine-eifu.com\/pt\/wp-json\/wp\/v2\/pages\/274\/revisions"}],"wp:attachment":[{"href":"https:\/\/choicespine-eifu.com\/pt\/wp-json\/wp\/v2\/media?parent=274"}],"curies":[{"name":"wp","href":"https:\/\/api.w.org\/{rel}","templated":true}]}}