{"id":274,"date":"2020-10-06T08:12:10","date_gmt":"2020-10-06T12:12:10","guid":{"rendered":"https:\/\/choicespineifu.wpengine.com\/?page_id=274"},"modified":"2024-03-19T13:51:29","modified_gmt":"2024-03-19T17:51:29","slug":"terms-of-use","status":"publish","type":"page","link":"https:\/\/choicespine-eifu.com\/it\/terms-of-use\/","title":{"rendered":"Condizioni d&#039;uso"},"content":{"rendered":"<style>.kb-row-layout-id274_21118f-7d > .kt-row-column-wrap{align-content:start;}:where(.kb-row-layout-id274_21118f-7d > .kt-row-column-wrap) > .wp-block-kadence-column{justify-content:start;}.kb-row-layout-id274_21118f-7d > .kt-row-column-wrap{column-gap:var(--global-kb-gap-md, 2rem);row-gap:var(--global-kb-gap-md, 2rem);max-width:1340px;padding-top:var(--global-kb-spacing-sm, 1.5rem);padding-right:var(--global-kb-spacing-md, 2rem);padding-bottom:var(--global-kb-spacing-sm, 1.5rem);padding-left:var(--global-kb-spacing-md, 2rem);grid-template-columns:minmax(0, 1fr);}.kb-row-layout-id274_21118f-7d > .kt-row-layout-overlay{opacity:0.30;}@media all and (max-width: 1024px){.kb-row-layout-id274_21118f-7d > .kt-row-column-wrap{grid-template-columns:minmax(0, 1fr);}}@media all and (max-width: 767px){.kb-row-layout-id274_21118f-7d > .kt-row-column-wrap{grid-template-columns:minmax(0, 1fr);}}<\/style><div class=\"kb-row-layout-wrap kb-row-layout-id274_21118f-7d alignnone wp-block-kadence-rowlayout\"><div class=\"kt-row-column-wrap kt-has-1-columns kt-row-layout-equal kt-tab-layout-inherit kt-mobile-layout-row kt-row-valign-top kb-theme-content-width\">\n<style>.kadence-column274_53321f-08 > .kt-inside-inner-col,.kadence-column274_53321f-08 > .kt-inside-inner-col:before{border-top-left-radius:0px;border-top-right-radius:0px;border-bottom-right-radius:0px;border-bottom-left-radius:0px;}.kadence-column274_53321f-08 > .kt-inside-inner-col{column-gap:var(--global-kb-gap-sm, 1rem);}.kadence-column274_53321f-08 > .kt-inside-inner-col{flex-direction:column;}.kadence-column274_53321f-08 > .kt-inside-inner-col > .aligncenter{width:100%;}.kadence-column274_53321f-08 > .kt-inside-inner-col:before{opacity:0.3;}.kadence-column274_53321f-08{position:relative;}@media all and (max-width: 1024px){.kadence-column274_53321f-08 > .kt-inside-inner-col{flex-direction:column;}}@media all and (max-width: 767px){.kadence-column274_53321f-08 > .kt-inside-inner-col{flex-direction:column;}}<\/style>\n<div class=\"wp-block-kadence-column kadence-column274_53321f-08 inner-column-1\"><div class=\"kt-inside-inner-col\">\n<h1 class=\"wp-block-heading\">Condizioni d&#039;uso<\/h1>\n\n\n<p>Il sito web ChoiceSpine eIFU fornisce le istruzioni per l&#039;uso (IFU) e altre informazioni correlate per vari prodotti di ChoiceSpine. Questo sito internet \u00e8 destinato esclusivamente ai professionisti del settore sanitario. <\/p>\n<p>Se hai bisogno di una copia cartacea di qualsiasi documento IFU, richiedila al nostro reparto di supporto alle vendite inviando un&#039;e-mail a salessupport@choicespine.com dal luned\u00ec al venerd\u00ec dalle 8:00 EST alle 17:00 EST e invieremo una copia cartacea gratuita entro sette (7) giorni lavorativi dalla ricezione della richiesta. I requisiti minimi del browser sono i seguenti: Chrome v89, Safari v14, Edge v89, Firefox v86, Opera v73.<\/p>\n<p>AVVISO DI AVVISO: Stai per accedere a un sito Web privato limitato all&#039;uso autorizzato in tutto il mondo da ChoiceSpine LLC e dai suoi agenti autorizzati (&quot;la Societ\u00e0&quot;); \u00e8 destinato agli operatori sanitari e solo per scopi commerciali. L&#039;effettivo o tentato accesso, utilizzo o modifica non autorizzata del sito web e dei suoi contenuti \u00e8 severamente vietato dalla Societ\u00e0. Gli utenti non autorizzati e\/o l&#039;uso non autorizzato sono soggetti a sanzioni penali e\/o civili in conformit\u00e0 con le leggi nazionali ed estere applicabili. L&#039;utilizzo di questo sito Web pu\u00f2 essere monitorato e registrato per motivi amministrativi e di sicurezza. Se tale monitoraggio e\/o registrazione rivela possibili prove di attivit\u00e0 criminali, la Societ\u00e0 pu\u00f2 fornire le prove monitorate di tale attivit\u00e0 ai funzionari delle forze dell&#039;ordine. Con la presente accetti anche i termini aggiuntivi che si trovano nelle &quot;Condizioni d&#039;uso \/ Avviso legale&quot;, a cui \u00e8 possibile accedere tramite il collegamento &quot;Condizioni d&#039;uso&quot; nell&#039;angolo in basso a sinistra delle pagine del sito web.<\/p>\n<p>\u00a9 2026 ChoiceSpine LLC salvo diversa indicazione. Tutti i diritti riservati.<\/p>\n\n<\/div><\/div>\n\n<\/div><\/div>","protected":false},"excerpt":{"rendered":"<p>Condizioni d&#039;uso<\/p>","protected":false},"author":2,"featured_media":0,"parent":0,"menu_order":0,"comment_status":"closed","ping_status":"closed","template":"","meta":{"_acf_changed":false,"_kad_blocks_custom_css":"","_kad_blocks_head_custom_js":"","_kad_blocks_body_custom_js":"","_kad_blocks_footer_custom_js":"","footnotes":""},"class_list":["post-274","page","type-page","status-publish","hentry"],"acf":[],"yoast_head":"<!-- This site is optimized with the Yoast SEO plugin v22.8 - https:\/\/yoast.com\/wordpress\/plugins\/seo\/ -->\n<title>Terms of Use - ChoiceSpine IFU<\/title>\n<meta name=\"robots\" content=\"index, follow, max-snippet:-1, max-image-preview:large, max-video-preview:-1\" \/>\n<link rel=\"canonical\" href=\"https:\/\/choicespine-eifu.com\/it\/terms-of-use\/\" \/>\n<meta property=\"og:locale\" content=\"it_IT\" \/>\n<meta property=\"og:type\" content=\"article\" \/>\n<meta property=\"og:title\" content=\"Terms of Use - ChoiceSpine IFU\" \/>\n<meta property=\"og:description\" content=\"Terms of Use\" \/>\n<meta property=\"og:url\" content=\"https:\/\/choicespine-eifu.com\/it\/terms-of-use\/\" \/>\n<meta property=\"og:site_name\" content=\"ChoiceSpine IFU\" \/>\n<meta property=\"article:modified_time\" content=\"2024-03-19T17:51:29+00:00\" \/>\n<meta name=\"twitter:card\" content=\"summary_large_image\" \/>\n<script type=\"application\/ld+json\" class=\"yoast-schema-graph\">{\"@context\":\"https:\/\/schema.org\",\"@graph\":[{\"@type\":\"WebPage\",\"@id\":\"https:\/\/choicespine-eifu.com\/terms-of-use\/\",\"url\":\"https:\/\/choicespine-eifu.com\/terms-of-use\/\",\"name\":\"Terms of Use - ChoiceSpine IFU\",\"isPartOf\":{\"@id\":\"https:\/\/choicespine-eifu.com\/#website\"},\"datePublished\":\"2020-10-06T12:12:10+00:00\",\"dateModified\":\"2024-03-19T17:51:29+00:00\",\"inLanguage\":\"it-IT\",\"potentialAction\":[{\"@type\":\"ReadAction\",\"target\":[\"https:\/\/choicespine-eifu.com\/terms-of-use\/\"]}]},{\"@type\":\"WebSite\",\"@id\":\"https:\/\/choicespine-eifu.com\/#website\",\"url\":\"https:\/\/choicespine-eifu.com\/\",\"name\":\"ChoiceSpine IFU\",\"description\":\"ChoiceSpine IFU\",\"potentialAction\":[{\"@type\":\"SearchAction\",\"target\":{\"@type\":\"EntryPoint\",\"urlTemplate\":\"https:\/\/choicespine-eifu.com\/?s={search_term_string}\"},\"query-input\":\"required name=search_term_string\"}],\"inLanguage\":\"it-IT\"}]}<\/script>\n<!-- \/ Yoast SEO plugin. -->","yoast_head_json":{"title":"Terms of Use - ChoiceSpine IFU","robots":{"index":"index","follow":"follow","max-snippet":"max-snippet:-1","max-image-preview":"max-image-preview:large","max-video-preview":"max-video-preview:-1"},"canonical":"https:\/\/choicespine-eifu.com\/it\/terms-of-use\/","og_locale":"it_IT","og_type":"article","og_title":"Terms of Use - ChoiceSpine IFU","og_description":"Terms of Use","og_url":"https:\/\/choicespine-eifu.com\/it\/terms-of-use\/","og_site_name":"ChoiceSpine IFU","article_modified_time":"2024-03-19T17:51:29+00:00","twitter_card":"summary_large_image","schema":{"@context":"https:\/\/schema.org","@graph":[{"@type":"WebPage","@id":"https:\/\/choicespine-eifu.com\/terms-of-use\/","url":"https:\/\/choicespine-eifu.com\/terms-of-use\/","name":"Terms of Use - ChoiceSpine IFU","isPartOf":{"@id":"https:\/\/choicespine-eifu.com\/#website"},"datePublished":"2020-10-06T12:12:10+00:00","dateModified":"2024-03-19T17:51:29+00:00","inLanguage":"it-IT","potentialAction":[{"@type":"ReadAction","target":["https:\/\/choicespine-eifu.com\/terms-of-use\/"]}]},{"@type":"WebSite","@id":"https:\/\/choicespine-eifu.com\/#website","url":"https:\/\/choicespine-eifu.com\/","name":"ChoiceSpine IFU","description":"ChoiceSpine IFU","potentialAction":[{"@type":"SearchAction","target":{"@type":"EntryPoint","urlTemplate":"https:\/\/choicespine-eifu.com\/?s={search_term_string}"},"query-input":"required name=search_term_string"}],"inLanguage":"it-IT"}]}},"taxonomy_info":[],"featured_image_src_large":false,"author_info":{"display_name":"Quinton Mosley","author_link":"https:\/\/choicespine-eifu.com\/it\/author\/quintonasenmarketing-com\/"},"comment_info":"","_links":{"self":[{"href":"https:\/\/choicespine-eifu.com\/it\/wp-json\/wp\/v2\/pages\/274","targetHints":{"allow":["GET"]}}],"collection":[{"href":"https:\/\/choicespine-eifu.com\/it\/wp-json\/wp\/v2\/pages"}],"about":[{"href":"https:\/\/choicespine-eifu.com\/it\/wp-json\/wp\/v2\/types\/page"}],"author":[{"embeddable":true,"href":"https:\/\/choicespine-eifu.com\/it\/wp-json\/wp\/v2\/users\/2"}],"replies":[{"embeddable":true,"href":"https:\/\/choicespine-eifu.com\/it\/wp-json\/wp\/v2\/comments?post=274"}],"version-history":[{"count":0,"href":"https:\/\/choicespine-eifu.com\/it\/wp-json\/wp\/v2\/pages\/274\/revisions"}],"wp:attachment":[{"href":"https:\/\/choicespine-eifu.com\/it\/wp-json\/wp\/v2\/media?parent=274"}],"curies":[{"name":"wp","href":"https:\/\/api.w.org\/{rel}","templated":true}]}}