{"id":3,"date":"2020-09-22T17:58:58","date_gmt":"2020-09-22T17:58:58","guid":{"rendered":"http:\/\/choicespineifu.wpengine.com\/?page_id=3"},"modified":"2024-06-05T08:29:41","modified_gmt":"2024-06-05T12:29:41","slug":"privacy-policy","status":"publish","type":"page","link":"https:\/\/choicespine-eifu.com\/es\/privacy-policy\/","title":{"rendered":"Pol\u00edtica de privacidad"},"content":{"rendered":"<style>.kb-row-layout-id3_a036a5-e4 > .kt-row-column-wrap{align-content:start;}:where(.kb-row-layout-id3_a036a5-e4 > .kt-row-column-wrap) > .wp-block-kadence-column{justify-content:start;}.kb-row-layout-id3_a036a5-e4 > .kt-row-column-wrap{column-gap:var(--global-kb-gap-md, 2rem);row-gap:var(--global-kb-gap-md, 2rem);max-width:1340px;padding-top:var(--global-kb-spacing-sm, 1.5rem);padding-right:var(--global-kb-spacing-md, 2rem);padding-bottom:var(--global-kb-spacing-sm, 1.5rem);padding-left:var(--global-kb-spacing-md, 2rem);grid-template-columns:minmax(0, 1fr);}.kb-row-layout-id3_a036a5-e4 > .kt-row-layout-overlay{opacity:0.30;}@media all and (max-width: 1024px){.kb-row-layout-id3_a036a5-e4 > .kt-row-column-wrap{grid-template-columns:minmax(0, 1fr);}}@media all and (max-width: 767px){.kb-row-layout-id3_a036a5-e4 > .kt-row-column-wrap{grid-template-columns:minmax(0, 1fr);}}<\/style><div class=\"kb-row-layout-wrap kb-row-layout-id3_a036a5-e4 alignnone wp-block-kadence-rowlayout\"><div class=\"kt-row-column-wrap kt-has-1-columns kt-row-layout-equal kt-tab-layout-inherit kt-mobile-layout-row kt-row-valign-top kb-theme-content-width\">\n<style>.kadence-column3_ad532a-7e > .kt-inside-inner-col,.kadence-column3_ad532a-7e > .kt-inside-inner-col:before{border-top-left-radius:0px;border-top-right-radius:0px;border-bottom-right-radius:0px;border-bottom-left-radius:0px;}.kadence-column3_ad532a-7e > .kt-inside-inner-col{column-gap:var(--global-kb-gap-sm, 1rem);}.kadence-column3_ad532a-7e > .kt-inside-inner-col{flex-direction:column;}.kadence-column3_ad532a-7e > .kt-inside-inner-col > .aligncenter{width:100%;}.kadence-column3_ad532a-7e > .kt-inside-inner-col:before{opacity:0.3;}.kadence-column3_ad532a-7e{position:relative;}@media all and (max-width: 1024px){.kadence-column3_ad532a-7e > .kt-inside-inner-col{flex-direction:column;}}@media all and (max-width: 767px){.kadence-column3_ad532a-7e > .kt-inside-inner-col{flex-direction:column;}}<\/style>\n<div class=\"wp-block-kadence-column kadence-column3_ad532a-7e inner-column-1\"><div class=\"kt-inside-inner-col\">\n<h1 class=\"wp-block-heading\">Pol\u00edtica de privacidad<\/h1>\n\n\n\n<h3 class=\"wp-block-heading\">Quienes somos<\/h3>\n\n\n\n<p>Este aviso de privacidad revela las pr\u00e1cticas de privacidad de ChoiceSpine y nuestro sitio web: optionspine-eifu.com. Este aviso de privacidad se aplica \u00fanicamente a la informaci\u00f3n recopilada por este sitio web, salvo que se indique lo contrario.<\/p>\n\n\n\n<h3 class=\"wp-block-heading\">Qu\u00e9 datos recopilamos y por qu\u00e9<\/h3>\n\n\n\n<h4 class=\"wp-block-heading\">Formularios de contacto<\/h4>\n\n\n\n<p>Cuando los visitantes dejan mensajes en el sitio, recopilamos los datos que se muestran en el formulario de contacto y su direcci\u00f3n IP y la cadena del agente de usuario del navegador para ayudar en los esfuerzos de detecci\u00f3n y prevenci\u00f3n de spam. Esto puede incluir su nombre, correo electr\u00f3nico, nombre de la empresa y cualquier mensaje enviado por correspondencia mientras est\u00e1 en nuestro sitio.<\/p>\n\n\n\n<h4 class=\"wp-block-heading\">Cookies en el sitio<\/h4>\n\n\n\n<p>Nuestro sitio web utiliza &quot;cookies&quot; para identificar las \u00e1reas de nuestro sitio web que ha visitado. Una cookie es un peque\u00f1o fragmento de datos que su navegador web almacena en su computadora o dispositivo m\u00f3vil. Usamos cookies para personalizar el contenido que ve en nuestro sitio web. La mayor\u00eda de los navegadores web se pueden configurar para deshabilitar el uso de cookies. Sin embargo, si desactiva las cookies, es posible que no pueda acceder a la funcionalidad de nuestro sitio web correctamente o en absoluto. Nunca colocamos informaci\u00f3n de identificaci\u00f3n personal en las cookies.<\/p>\n\n\n\n<p>Algunos de nuestros socios comerciales pueden utilizar cookies en nuestro sitio (por ejemplo, proveedores de herramientas de publicidad y marketing). Sin embargo, no tenemos acceso ni control sobre estas cookies.<\/p>\n\n\n\n<h4 class=\"wp-block-heading\">Contenido incrustado de otros sitios web<\/h4>\n\n\n\n<p>Los art\u00edculos de este sitio pueden incluir contenido incrustado (por ejemplo, videos, im\u00e1genes, art\u00edculos, etc.). El contenido incrustado de otros sitios web se comporta exactamente de la misma manera que si el visitante hubiera visitado el otro sitio web.<\/p>\n\n\n\n<p>Estos sitios web pueden recopilar datos sobre usted, usar cookies, incrustar un seguimiento adicional de terceros y monitorear su interacci\u00f3n con ese contenido incrustado, incluido el seguimiento de su interacci\u00f3n con el contenido incrustado si tiene una cuenta y ha iniciado sesi\u00f3n en ese sitio web.<\/p>\n\n\n\n<p>Un ejemplo com\u00fan de esto ser\u00eda un video de YouTube incrustado.<\/p>\n\n\n\n<h4 class=\"wp-block-heading\">An\u00e1lisis (cookies, balizas web y otras tecnolog\u00edas de seguimiento)<\/h4>\n\n\n\n<p>Al igual que otras empresas en Internet, utilizamos m\u00faltiples servicios habilitados para cookies y balizas web. Estos servicios generalmente brindan informaci\u00f3n an\u00f3nima sobre los visitantes y sus dispositivos inform\u00e1ticos, y sobre aquellos que interact\u00faan con nuestros esfuerzos de marketing. En todos los casos de los siguientes servicios, no controlamos los datos que recopilan y c\u00f3mo se utilizan. Para cada servicio, deber\u00e1 leer sus pol\u00edticas de privacidad para comprender c\u00f3mo utilizan los datos recopilados de sus actividades. Si necesita que se tomen medidas con sus datos, tambi\u00e9n deber\u00e1 comunicarse con las partes a las que se opone al uso de los datos recopilados de sus actividades.<\/p>\n\n\n\n<h5 class=\"wp-block-heading\">Google analitico<\/h5>\n\n\n\n<p>Aprovechamos Google Analytics para comprender mejor lo que buscan nuestros visitantes y c\u00f3mo interact\u00faan con nuestro sitio web. Esta informaci\u00f3n es an\u00f3nima y no nos proporciona ninguna informaci\u00f3n identificable sobre usted. Puede leer m\u00e1s sobre c\u00f3mo Google protege sus datos aqu\u00ed:&nbsp;<a href=\"https:\/\/support.google.com\/analytics\/answer\/6004245\" target=\"_blank\" rel=\"noreferrer noopener\">https:\/\/support.google.com\/analytics\/answer\/6004245<\/a><\/p>\n\n\n\n<p>Para obtener m\u00e1s informaci\u00f3n sobre las pr\u00e1cticas de privacidad de Google, visite:<a href=\"https:\/\/policies.google.com\/privacy\" target=\"_blank\" rel=\"noreferrer noopener\">&nbsp;https:\/\/policies.google.com\/privacy<\/a><\/p>\n\n\n\n<h5 class=\"wp-block-heading\">Google Universal Analytics<\/h5>\n\n\n\n<p>Aprovechamos Google Universal Analytics para obtener una comprensi\u00f3n m\u00e1s profunda de los intereses y h\u00e1bitos de los visitantes. Esta informaci\u00f3n an\u00f3nima est\u00e1 vinculada a trav\u00e9s de una identificaci\u00f3n de usuario \u00fanica y es almacenada y proporcionada por Google. Puede leer m\u00e1s sobre c\u00f3mo Google protege sus datos aqu\u00ed:&nbsp;<a href=\"https:\/\/support.google.com\/analytics\/answer\/6004245\" target=\"_blank\" rel=\"noreferrer noopener\">https:\/\/support.google.com\/analytics\/answer\/6004245<\/a><\/p>\n\n\n\n<p>Para obtener m\u00e1s informaci\u00f3n sobre las pr\u00e1cticas de privacidad de Google, visite:<a href=\"https:\/\/policies.google.com\/privacy\" target=\"_blank\" rel=\"noreferrer noopener\">&nbsp;https:\/\/policies.google.com\/privacy<\/a><\/p>\n\n\n\n<h3 class=\"wp-block-heading\">Con qui\u00e9n compartimos sus datos<\/h3>\n\n\n\n<p>No compartimos los datos que recopilamos con otras partes. Todos los datos utilizados fuera de este sitio se recopilan de los servicios de nuestros socios de seguimiento enumerados anteriormente en la secci\u00f3n An\u00e1lisis.<\/p>\n\n\n\n<h3 class=\"wp-block-heading\">Que derechos tienes sobre tus datos<\/h3>\n\n\n\n<p>Si ha dejado comentarios o informaci\u00f3n de contacto a trav\u00e9s de nuestro sitio, puede solicitar recibir un archivo exportado de los datos personales que tenemos sobre usted, incluidos los datos que nos haya proporcionado. Tambi\u00e9n puede solicitar que borremos cualquier dato personal que tengamos sobre usted. Esto no incluye ning\u00fan dato que estemos obligados a conservar con fines administrativos, legales o de seguridad.<\/p>\n\n\n\n<h3 class=\"wp-block-heading\">A donde enviamos sus datos<\/h3>\n\n\n\n<p>Los comentarios de los visitantes se pueden verificar a trav\u00e9s de un servicio autom\u00e1tico de detecci\u00f3n de spam. La actividad de los visitantes se puede recopilar a trav\u00e9s de cualquiera de los servicios de socios de Analytics enumerados anteriormente en la secci\u00f3n Seguimiento.<\/p>\n\n\n\n<h3 class=\"wp-block-heading\">tu informaci\u00f3n de contacto<\/h3>\n\n\n\n<p>Si opta por ponerse en contacto con nosotros o suscribirse a nuestro bolet\u00edn de noticias, conservamos su informaci\u00f3n de contacto para ponernos en contacto con usted. Usted mantiene el derecho a solicitar que lo eliminen de cualquier contacto posterior en cualquier momento.<\/p>\n\n\n\n<h3 class=\"wp-block-heading\">informaci\u00f3n adicional<\/h3>\n\n\n\n<h4 class=\"wp-block-heading\">C\u00f3mo protegemos sus datos<\/h4>\n\n\n\n<p>Utilizamos herramientas y servicios de seguimiento y an\u00e1lisis de terceros que mantienen un estatus de reputaci\u00f3n en la industria. Si bien se producen fugas de datos, no confiamos en los datos de identificaci\u00f3n personal recopilados por ninguno de estos servicios.<\/p>\n\n\n\n<h4 class=\"wp-block-heading\">Qu\u00e9 procedimientos de violaci\u00f3n de datos tenemos implementados<\/h4>\n\n\n\n<p>No almacenamos ninguna informaci\u00f3n de identificaci\u00f3n personal en nuestro sitio web. Cualquier herramienta o servicio de an\u00e1lisis o seguimiento de terceros que utilicemos tiene sus propios procedimientos y documentaci\u00f3n proporcionada para el consumo p\u00fablico. Consulte la secci\u00f3n de an\u00e1lisis anterior.<\/p>\n\n\n\n<h4 class=\"wp-block-heading\">De qu\u00e9 terceros recibimos datos<\/h4>\n\n\n\n<p>Consulte la secci\u00f3n de an\u00e1lisis anterior.<\/p>\n\n\n\n<h4 class=\"wp-block-heading\">Qu\u00e9 toma de decisiones automatizada y \/ o elaboraci\u00f3n de perfiles hacemos con los datos del usuario<\/h4>\n\n\n\n<p>Consulte la secci\u00f3n de an\u00e1lisis anterior.<\/p>\n<\/div><\/div>\n\n<\/div><\/div>","protected":false},"excerpt":{"rendered":"<p>Pol\u00edtica de privacidad Qui\u00e9nes somos Este aviso de privacidad revela las pr\u00e1cticas de privacidad de ChoiceSpine y nuestro sitio web: optionspine-eifu.com. Este aviso de privacidad se aplica \u00fanicamente a la informaci\u00f3n recopilada por este sitio web, salvo que se indique lo contrario. Qu\u00e9 datos recopilamos y por qu\u00e9 formularios de contacto Cuando los visitantes dejan mensajes en el sitio, recopilamos los datos que se muestran en el [\u2026]<\/p>","protected":false},"author":3,"featured_media":0,"parent":0,"menu_order":0,"comment_status":"closed","ping_status":"open","template":"","meta":{"_acf_changed":false,"_kad_blocks_custom_css":"","_kad_blocks_head_custom_js":"","_kad_blocks_body_custom_js":"","_kad_blocks_footer_custom_js":"","footnotes":""},"class_list":["post-3","page","type-page","status-publish","hentry"],"acf":[],"yoast_head":"<!-- This site is optimized with the Yoast SEO plugin v22.8 - https:\/\/yoast.com\/wordpress\/plugins\/seo\/ -->\n<title>Privacy Policy - ChoiceSpine IFU<\/title>\n<meta name=\"robots\" content=\"index, follow, max-snippet:-1, max-image-preview:large, max-video-preview:-1\" \/>\n<link rel=\"canonical\" href=\"https:\/\/choicespine-eifu.com\/es\/privacy-policy\/\" \/>\n<meta property=\"og:locale\" content=\"es_ES\" \/>\n<meta property=\"og:type\" content=\"article\" \/>\n<meta property=\"og:title\" content=\"Privacy Policy - ChoiceSpine IFU\" \/>\n<meta property=\"og:description\" content=\"Privacy Policy Who We Are This privacy notice discloses the privacy practices for ChoiceSpine and our website: choicespine-eifu.com. This privacy notice applies solely to information collected by this website, except where stated otherwise. What Data We Collect and Why Contact Forms When visitors leave messages on the site we collect the data shown in the [&hellip;]\" \/>\n<meta property=\"og:url\" content=\"https:\/\/choicespine-eifu.com\/es\/privacy-policy\/\" \/>\n<meta property=\"og:site_name\" content=\"ChoiceSpine IFU\" \/>\n<meta property=\"article:modified_time\" content=\"2024-06-05T12:29:41+00:00\" \/>\n<meta name=\"twitter:card\" content=\"summary_large_image\" \/>\n<script type=\"application\/ld+json\" class=\"yoast-schema-graph\">{\"@context\":\"https:\/\/schema.org\",\"@graph\":[{\"@type\":\"WebPage\",\"@id\":\"https:\/\/choicespine-eifu.com\/privacy-policy\/\",\"url\":\"https:\/\/choicespine-eifu.com\/privacy-policy\/\",\"name\":\"Privacy Policy - ChoiceSpine IFU\",\"isPartOf\":{\"@id\":\"https:\/\/choicespine-eifu.com\/#website\"},\"datePublished\":\"2020-09-22T17:58:58+00:00\",\"dateModified\":\"2024-06-05T12:29:41+00:00\",\"inLanguage\":\"es\",\"potentialAction\":[{\"@type\":\"ReadAction\",\"target\":[\"https:\/\/choicespine-eifu.com\/privacy-policy\/\"]}]},{\"@type\":\"WebSite\",\"@id\":\"https:\/\/choicespine-eifu.com\/#website\",\"url\":\"https:\/\/choicespine-eifu.com\/\",\"name\":\"ChoiceSpine IFU\",\"description\":\"ChoiceSpine IFU\",\"potentialAction\":[{\"@type\":\"SearchAction\",\"target\":{\"@type\":\"EntryPoint\",\"urlTemplate\":\"https:\/\/choicespine-eifu.com\/?s={search_term_string}\"},\"query-input\":\"required name=search_term_string\"}],\"inLanguage\":\"es\"}]}<\/script>\n<!-- \/ Yoast SEO plugin. -->","yoast_head_json":{"title":"Privacy Policy - ChoiceSpine IFU","robots":{"index":"index","follow":"follow","max-snippet":"max-snippet:-1","max-image-preview":"max-image-preview:large","max-video-preview":"max-video-preview:-1"},"canonical":"https:\/\/choicespine-eifu.com\/es\/privacy-policy\/","og_locale":"es_ES","og_type":"article","og_title":"Privacy Policy - ChoiceSpine IFU","og_description":"Privacy Policy Who We Are This privacy notice discloses the privacy practices for ChoiceSpine and our website: choicespine-eifu.com. This privacy notice applies solely to information collected by this website, except where stated otherwise. What Data We Collect and Why Contact Forms When visitors leave messages on the site we collect the data shown in the [&hellip;]","og_url":"https:\/\/choicespine-eifu.com\/es\/privacy-policy\/","og_site_name":"ChoiceSpine IFU","article_modified_time":"2024-06-05T12:29:41+00:00","twitter_card":"summary_large_image","schema":{"@context":"https:\/\/schema.org","@graph":[{"@type":"WebPage","@id":"https:\/\/choicespine-eifu.com\/privacy-policy\/","url":"https:\/\/choicespine-eifu.com\/privacy-policy\/","name":"Privacy Policy - ChoiceSpine IFU","isPartOf":{"@id":"https:\/\/choicespine-eifu.com\/#website"},"datePublished":"2020-09-22T17:58:58+00:00","dateModified":"2024-06-05T12:29:41+00:00","inLanguage":"es","potentialAction":[{"@type":"ReadAction","target":["https:\/\/choicespine-eifu.com\/privacy-policy\/"]}]},{"@type":"WebSite","@id":"https:\/\/choicespine-eifu.com\/#website","url":"https:\/\/choicespine-eifu.com\/","name":"ChoiceSpine IFU","description":"ChoiceSpine IFU","potentialAction":[{"@type":"SearchAction","target":{"@type":"EntryPoint","urlTemplate":"https:\/\/choicespine-eifu.com\/?s={search_term_string}"},"query-input":"required name=search_term_string"}],"inLanguage":"es"}]}},"taxonomy_info":[],"featured_image_src_large":false,"author_info":{"display_name":"Asen Marketing","author_link":"https:\/\/choicespine-eifu.com\/es\/author\/asenadmin\/"},"comment_info":"","_links":{"self":[{"href":"https:\/\/choicespine-eifu.com\/es\/wp-json\/wp\/v2\/pages\/3","targetHints":{"allow":["GET"]}}],"collection":[{"href":"https:\/\/choicespine-eifu.com\/es\/wp-json\/wp\/v2\/pages"}],"about":[{"href":"https:\/\/choicespine-eifu.com\/es\/wp-json\/wp\/v2\/types\/page"}],"author":[{"embeddable":true,"href":"https:\/\/choicespine-eifu.com\/es\/wp-json\/wp\/v2\/users\/3"}],"replies":[{"embeddable":true,"href":"https:\/\/choicespine-eifu.com\/es\/wp-json\/wp\/v2\/comments?post=3"}],"version-history":[{"count":0,"href":"https:\/\/choicespine-eifu.com\/es\/wp-json\/wp\/v2\/pages\/3\/revisions"}],"wp:attachment":[{"href":"https:\/\/choicespine-eifu.com\/es\/wp-json\/wp\/v2\/media?parent=3"}],"curies":[{"name":"wp","href":"https:\/\/api.w.org\/{rel}","templated":true}]}}