{"id":3,"date":"2020-09-22T17:58:58","date_gmt":"2020-09-22T17:58:58","guid":{"rendered":"http:\/\/choicespineifu.wpengine.com\/?page_id=3"},"modified":"2024-06-05T08:29:41","modified_gmt":"2024-06-05T12:29:41","slug":"privacy-policy","status":"publish","type":"page","link":"https:\/\/choicespine-eifu.com\/de\/privacy-policy\/","title":{"rendered":"Datenschutz-Bestimmungen"},"content":{"rendered":"<style>.kb-row-layout-id3_a036a5-e4 > .kt-row-column-wrap{align-content:start;}:where(.kb-row-layout-id3_a036a5-e4 > .kt-row-column-wrap) > .wp-block-kadence-column{justify-content:start;}.kb-row-layout-id3_a036a5-e4 > .kt-row-column-wrap{column-gap:var(--global-kb-gap-md, 2rem);row-gap:var(--global-kb-gap-md, 2rem);max-width:1340px;padding-top:var(--global-kb-spacing-sm, 1.5rem);padding-right:var(--global-kb-spacing-md, 2rem);padding-bottom:var(--global-kb-spacing-sm, 1.5rem);padding-left:var(--global-kb-spacing-md, 2rem);grid-template-columns:minmax(0, 1fr);}.kb-row-layout-id3_a036a5-e4 > .kt-row-layout-overlay{opacity:0.30;}@media all and (max-width: 1024px){.kb-row-layout-id3_a036a5-e4 > .kt-row-column-wrap{grid-template-columns:minmax(0, 1fr);}}@media all and (max-width: 767px){.kb-row-layout-id3_a036a5-e4 > .kt-row-column-wrap{grid-template-columns:minmax(0, 1fr);}}<\/style><div class=\"kb-row-layout-wrap kb-row-layout-id3_a036a5-e4 alignnone wp-block-kadence-rowlayout\"><div class=\"kt-row-column-wrap kt-has-1-columns kt-row-layout-equal kt-tab-layout-inherit kt-mobile-layout-row kt-row-valign-top kb-theme-content-width\">\n<style>.kadence-column3_ad532a-7e > .kt-inside-inner-col,.kadence-column3_ad532a-7e > .kt-inside-inner-col:before{border-top-left-radius:0px;border-top-right-radius:0px;border-bottom-right-radius:0px;border-bottom-left-radius:0px;}.kadence-column3_ad532a-7e > .kt-inside-inner-col{column-gap:var(--global-kb-gap-sm, 1rem);}.kadence-column3_ad532a-7e > .kt-inside-inner-col{flex-direction:column;}.kadence-column3_ad532a-7e > .kt-inside-inner-col > .aligncenter{width:100%;}.kadence-column3_ad532a-7e > .kt-inside-inner-col:before{opacity:0.3;}.kadence-column3_ad532a-7e{position:relative;}@media all and (max-width: 1024px){.kadence-column3_ad532a-7e > .kt-inside-inner-col{flex-direction:column;}}@media all and (max-width: 767px){.kadence-column3_ad532a-7e > .kt-inside-inner-col{flex-direction:column;}}<\/style>\n<div class=\"wp-block-kadence-column kadence-column3_ad532a-7e inner-column-1\"><div class=\"kt-inside-inner-col\">\n<h1 class=\"wp-block-heading\">Datenschutz-Bestimmungen<\/h1>\n\n\n\n<h3 class=\"wp-block-heading\">Wer wir sind<\/h3>\n\n\n\n<p>Diese Datenschutzrichtlinie legt die Datenschutzpraktiken f\u00fcr ChoiceSpine und unsere Website choicespine-eifu.com offen. Diese Datenschutzrichtlinie gilt ausschlie\u00dflich f\u00fcr von dieser Website erfasste Informationen, sofern nicht anders angegeben.<\/p>\n\n\n\n<h3 class=\"wp-block-heading\">Welche Daten sammeln wir und warum?<\/h3>\n\n\n\n<h4 class=\"wp-block-heading\">Kontaktformulare<\/h4>\n\n\n\n<p>Wenn Besucher Nachrichten auf der Website hinterlassen, erfassen wir die im Kontaktformular angezeigten Daten sowie Ihre IP-Adresse und die Zeichenfolge des Browser-Benutzeragenten, um die Erkennung und Verhinderung von Spam zu unterst\u00fctzen. Dies kann Ihren Namen, Ihre E-Mail-Adresse, Ihren Firmennamen und alle Nachrichten umfassen, die auf unserer Website in Korrespondenz gesendet werden.<\/p>\n\n\n\n<h4 class=\"wp-block-heading\">Vor-Ort-Cookies<\/h4>\n\n\n\n<p>Unsere Website verwendet &quot;Cookies&quot;, um die Bereiche unserer Website zu identifizieren, die Sie besucht haben. Ein Cookie ist ein kleines Datenelement, das von Ihrem Webbrowser auf Ihrem Computer oder Mobilger\u00e4t gespeichert wird. Wir verwenden Cookies, um den Inhalt, den Sie auf unserer Website sehen, zu personalisieren. Die meisten Webbrowser k\u00f6nnen so eingestellt werden, dass die Verwendung von Cookies deaktiviert wird. Wenn Sie jedoch Cookies deaktivieren, k\u00f6nnen Sie m\u00f6glicherweise nicht richtig oder \u00fcberhaupt nicht auf Funktionen auf unserer Website zugreifen. Wir setzen niemals personenbezogene Daten in Cookies ein.<\/p>\n\n\n\n<p>Einige unserer Gesch\u00e4ftspartner verwenden m\u00f6glicherweise Cookies auf unserer Website (z. B. Anbieter von Werbe- und Marketing-Tools). Wir haben jedoch keinen Zugriff auf oder keine Kontrolle \u00fcber diese Cookies.<\/p>\n\n\n\n<h4 class=\"wp-block-heading\">Eingebettete Inhalte von anderen Websites<\/h4>\n\n\n\n<p>Artikel auf dieser Website k\u00f6nnen eingebettete Inhalte enthalten (z. B. Videos, Bilder, Artikel usw.). Eingebettete Inhalte von anderen Websites verhalten sich genauso, als h\u00e4tte der Besucher die andere Website besucht.<\/p>\n\n\n\n<p>Diese Websites sammeln m\u00f6glicherweise Daten \u00fcber Sie, verwenden Cookies, binden zus\u00e4tzliches Tracking von Drittanbietern ein und \u00fcberwachen Ihre Interaktion mit diesen eingebetteten Inhalten, einschlie\u00dflich der Verfolgung Ihrer Interaktion mit den eingebetteten Inhalten, wenn Sie \u00fcber ein Konto verf\u00fcgen und auf dieser Website angemeldet sind.<\/p>\n\n\n\n<p>Ein h\u00e4ufiges Beispiel hierf\u00fcr w\u00e4re ein eingebettetes YouTube-Video.<\/p>\n\n\n\n<h4 class=\"wp-block-heading\">Analytics (Cookies, Web Beacons und andere Tracking-Technologien)<\/h4>\n\n\n\n<p>Wie andere Unternehmen im Internet nutzen wir mehrere Cookie- und Web Beacon-f\u00e4hige Dienste. Diese Dienste bieten im Allgemeinen anonyme Informationen \u00fcber Besucher und ihre Computerger\u00e4te sowie \u00fcber diejenigen, die mit unseren Marketingbem\u00fchungen interagieren. In allen F\u00e4llen der folgenden Dienste kontrollieren wir nicht die von ihnen gesammelten Daten und deren Verwendung. F\u00fcr jeden Dienst m\u00fcssen Sie die Datenschutzrichtlinien lesen, um zu verstehen, wie sie die aus Ihren Aktivit\u00e4ten gesammelten Daten verwenden. Wenn Sie mit Ihren Daten Ma\u00dfnahmen ergreifen m\u00f6chten, m\u00fcssen Sie sich auch an die Parteien wenden, gegen die Sie die Verwendung der aus Ihren Aktivit\u00e4ten gesammelten Daten ablehnen.<\/p>\n\n\n\n<h5 class=\"wp-block-heading\">Google Analytics<\/h5>\n\n\n\n<p>Wir nutzen Google Analytics, um besser zu verstehen, wonach unsere Besucher suchen und wie sie mit unserer Website interagieren. Diese Informationen sind anonym und liefern uns keine identifizierbaren Informationen \u00fcber Sie. Weitere Informationen zum Schutz Ihrer Daten durch Google finden Sie hier:&nbsp;<a href=\"https:\/\/support.google.com\/analytics\/answer\/6004245\" target=\"_blank\" rel=\"noreferrer noopener\">https:\/\/support.google.com\/analytics\/answer\/6004245<\/a><\/p>\n\n\n\n<p>Weitere Informationen zu den Datenschutzbestimmungen von Google finden Sie unter:<a href=\"https:\/\/policies.google.com\/privacy\" target=\"_blank\" rel=\"noreferrer noopener\">&nbsp;https:\/\/policies.google.com\/privacy<\/a><\/p>\n\n\n\n<h5 class=\"wp-block-heading\">Google Universal Analytics<\/h5>\n\n\n\n<p>Wir nutzen Google Universal Analytics, um die Interessen und Gewohnheiten der Besucher besser zu verstehen. Diese anonymen Informationen werden \u00fcber eine eindeutige Benutzer-ID miteinander verkn\u00fcpft und von Google gespeichert und bereitgestellt. Weitere Informationen zum Schutz Ihrer Daten durch Google finden Sie hier:&nbsp;<a href=\"https:\/\/support.google.com\/analytics\/answer\/6004245\" target=\"_blank\" rel=\"noreferrer noopener\">https:\/\/support.google.com\/analytics\/answer\/6004245<\/a><\/p>\n\n\n\n<p>Weitere Informationen zu den Datenschutzbestimmungen von Google finden Sie unter:<a href=\"https:\/\/policies.google.com\/privacy\" target=\"_blank\" rel=\"noreferrer noopener\">&nbsp;https:\/\/policies.google.com\/privacy<\/a><\/p>\n\n\n\n<h3 class=\"wp-block-heading\">Mit wem wir Ihre Daten teilen<\/h3>\n\n\n\n<p>Wir geben keine Daten, die wir sammeln, an andere Parteien weiter. Alle Daten, die au\u00dferhalb dieser Website verwendet werden, werden von den oben im Abschnitt &quot;Analytics&quot; aufgef\u00fchrten Diensten unserer Tracking-Partner erfasst.<\/p>\n\n\n\n<h3 class=\"wp-block-heading\">Welche Rechte haben Sie an Ihren Daten?<\/h3>\n\n\n\n<p>Wenn Sie \u00fcber unsere Website Kommentare oder Kontaktinformationen hinterlassen haben, k\u00f6nnen Sie eine exportierte Datei der personenbezogenen Daten anfordern, die wir \u00fcber Sie gespeichert haben, einschlie\u00dflich aller Daten, die Sie uns zur Verf\u00fcgung gestellt haben. Sie k\u00f6nnen auch verlangen, dass wir alle personenbezogenen Daten l\u00f6schen, die wir \u00fcber Sie gespeichert haben. Dies schlie\u00dft keine Daten ein, die wir zu administrativen, rechtlichen oder Sicherheitszwecken aufbewahren m\u00fcssen.<\/p>\n\n\n\n<h3 class=\"wp-block-heading\">Wohin wir Ihre Daten senden<\/h3>\n\n\n\n<p>Besucherkommentare k\u00f6nnen \u00fcber einen automatisierten Spam-Erkennungsdienst \u00fcberpr\u00fcft werden. Besucheraktivit\u00e4ten k\u00f6nnen \u00fcber einen der oben im Abschnitt &quot;Tracking&quot; aufgef\u00fchrten Analytics-Partnerdienste erfasst werden.<\/p>\n\n\n\n<h3 class=\"wp-block-heading\">Ihre Kontaktinformationen<\/h3>\n\n\n\n<p>Wenn Sie sich daf\u00fcr entscheiden, uns zu kontaktieren oder sich f\u00fcr unseren Newsletter anzumelden, speichern wir Ihre Kontaktinformationen, um mit Ihnen in Kontakt zu treten. Sie behalten sich das Recht vor, jederzeit die Entfernung aus dem weiteren Kontakt zu beantragen.<\/p>\n\n\n\n<h3 class=\"wp-block-heading\">zus\u00e4tzliche Information<\/h3>\n\n\n\n<h4 class=\"wp-block-heading\">Wie wir Ihre Daten sch\u00fctzen<\/h4>\n\n\n\n<p>Wir verwenden Analytics- und Tracking-Tools und -Dienste von Drittanbietern, die einen seri\u00f6sen Status in der Branche haben. W\u00e4hrend Datenlecks auftreten, verlassen wir uns nicht auf personenbezogene Daten, die von einem dieser Dienste gesammelt werden.<\/p>\n\n\n\n<h4 class=\"wp-block-heading\">Welche Verfahren f\u00fcr Datenschutzverletzungen haben wir eingerichtet?<\/h4>\n\n\n\n<p>Wir speichern keine personenbezogenen Daten auf unserer Website. Alle von uns verwendeten Analytics- oder Tracking-Tools oder -Dienste von Drittanbietern verf\u00fcgen \u00fcber eigene Verfahren und Dokumentationen, die f\u00fcr den \u00f6ffentlichen Gebrauch bereitgestellt werden. Siehe Analytics-Abschnitt oben.<\/p>\n\n\n\n<h4 class=\"wp-block-heading\">Von welchen Dritten erhalten wir Daten?<\/h4>\n\n\n\n<p>Siehe Analytics-Abschnitt oben.<\/p>\n\n\n\n<h4 class=\"wp-block-heading\">Welche automatisierte Entscheidungsfindung und \/ oder Profilerstellung machen wir mit Benutzerdaten?<\/h4>\n\n\n\n<p>Siehe Analytics-Abschnitt oben.<\/p>\n<\/div><\/div>\n\n<\/div><\/div>","protected":false},"excerpt":{"rendered":"<p>Datenschutzrichtlinie Wer wir sind Diese Datenschutzrichtlinie legt die Datenschutzpraktiken f\u00fcr ChoiceSpine und unsere Website: choicespine-eifu.com offen. Diese Datenschutzrichtlinie gilt ausschlie\u00dflich f\u00fcr von dieser Website erfasste Informationen, sofern nicht anders angegeben. Welche Daten wir sammeln und warum Kontaktformulare Wenn Besucher Nachrichten auf der Website hinterlassen, sammeln wir die in der [\u2026] angezeigten Daten.<\/p>","protected":false},"author":3,"featured_media":0,"parent":0,"menu_order":0,"comment_status":"closed","ping_status":"open","template":"","meta":{"_acf_changed":false,"_kad_blocks_custom_css":"","_kad_blocks_head_custom_js":"","_kad_blocks_body_custom_js":"","_kad_blocks_footer_custom_js":"","footnotes":""},"class_list":["post-3","page","type-page","status-publish","hentry"],"acf":[],"yoast_head":"<!-- This site is optimized with the Yoast SEO plugin v22.8 - https:\/\/yoast.com\/wordpress\/plugins\/seo\/ -->\n<title>Privacy Policy - ChoiceSpine IFU<\/title>\n<meta name=\"robots\" content=\"index, follow, max-snippet:-1, max-image-preview:large, max-video-preview:-1\" \/>\n<link rel=\"canonical\" href=\"https:\/\/choicespine-eifu.com\/de\/privacy-policy\/\" \/>\n<meta property=\"og:locale\" content=\"de_DE\" \/>\n<meta property=\"og:type\" content=\"article\" \/>\n<meta property=\"og:title\" content=\"Privacy Policy - ChoiceSpine IFU\" \/>\n<meta property=\"og:description\" content=\"Privacy Policy Who We Are This privacy notice discloses the privacy practices for ChoiceSpine and our website: choicespine-eifu.com. This privacy notice applies solely to information collected by this website, except where stated otherwise. What Data We Collect and Why Contact Forms When visitors leave messages on the site we collect the data shown in the [&hellip;]\" \/>\n<meta property=\"og:url\" content=\"https:\/\/choicespine-eifu.com\/de\/privacy-policy\/\" \/>\n<meta property=\"og:site_name\" content=\"ChoiceSpine IFU\" \/>\n<meta property=\"article:modified_time\" content=\"2024-06-05T12:29:41+00:00\" \/>\n<meta name=\"twitter:card\" content=\"summary_large_image\" \/>\n<script type=\"application\/ld+json\" class=\"yoast-schema-graph\">{\"@context\":\"https:\/\/schema.org\",\"@graph\":[{\"@type\":\"WebPage\",\"@id\":\"https:\/\/choicespine-eifu.com\/privacy-policy\/\",\"url\":\"https:\/\/choicespine-eifu.com\/privacy-policy\/\",\"name\":\"Privacy Policy - ChoiceSpine IFU\",\"isPartOf\":{\"@id\":\"https:\/\/choicespine-eifu.com\/#website\"},\"datePublished\":\"2020-09-22T17:58:58+00:00\",\"dateModified\":\"2024-06-05T12:29:41+00:00\",\"inLanguage\":\"de-DE\",\"potentialAction\":[{\"@type\":\"ReadAction\",\"target\":[\"https:\/\/choicespine-eifu.com\/privacy-policy\/\"]}]},{\"@type\":\"WebSite\",\"@id\":\"https:\/\/choicespine-eifu.com\/#website\",\"url\":\"https:\/\/choicespine-eifu.com\/\",\"name\":\"ChoiceSpine IFU\",\"description\":\"ChoiceSpine IFU\",\"potentialAction\":[{\"@type\":\"SearchAction\",\"target\":{\"@type\":\"EntryPoint\",\"urlTemplate\":\"https:\/\/choicespine-eifu.com\/?s={search_term_string}\"},\"query-input\":\"required name=search_term_string\"}],\"inLanguage\":\"de-DE\"}]}<\/script>\n<!-- \/ Yoast SEO plugin. -->","yoast_head_json":{"title":"Privacy Policy - ChoiceSpine IFU","robots":{"index":"index","follow":"follow","max-snippet":"max-snippet:-1","max-image-preview":"max-image-preview:large","max-video-preview":"max-video-preview:-1"},"canonical":"https:\/\/choicespine-eifu.com\/de\/privacy-policy\/","og_locale":"de_DE","og_type":"article","og_title":"Privacy Policy - ChoiceSpine IFU","og_description":"Privacy Policy Who We Are This privacy notice discloses the privacy practices for ChoiceSpine and our website: choicespine-eifu.com. This privacy notice applies solely to information collected by this website, except where stated otherwise. What Data We Collect and Why Contact Forms When visitors leave messages on the site we collect the data shown in the [&hellip;]","og_url":"https:\/\/choicespine-eifu.com\/de\/privacy-policy\/","og_site_name":"ChoiceSpine IFU","article_modified_time":"2024-06-05T12:29:41+00:00","twitter_card":"summary_large_image","schema":{"@context":"https:\/\/schema.org","@graph":[{"@type":"WebPage","@id":"https:\/\/choicespine-eifu.com\/privacy-policy\/","url":"https:\/\/choicespine-eifu.com\/privacy-policy\/","name":"Privacy Policy - ChoiceSpine IFU","isPartOf":{"@id":"https:\/\/choicespine-eifu.com\/#website"},"datePublished":"2020-09-22T17:58:58+00:00","dateModified":"2024-06-05T12:29:41+00:00","inLanguage":"de-DE","potentialAction":[{"@type":"ReadAction","target":["https:\/\/choicespine-eifu.com\/privacy-policy\/"]}]},{"@type":"WebSite","@id":"https:\/\/choicespine-eifu.com\/#website","url":"https:\/\/choicespine-eifu.com\/","name":"ChoiceSpine IFU","description":"ChoiceSpine IFU","potentialAction":[{"@type":"SearchAction","target":{"@type":"EntryPoint","urlTemplate":"https:\/\/choicespine-eifu.com\/?s={search_term_string}"},"query-input":"required name=search_term_string"}],"inLanguage":"de-DE"}]}},"taxonomy_info":[],"featured_image_src_large":false,"author_info":{"display_name":"Asen Marketing","author_link":"https:\/\/choicespine-eifu.com\/de\/author\/asenadmin\/"},"comment_info":"","_links":{"self":[{"href":"https:\/\/choicespine-eifu.com\/de\/wp-json\/wp\/v2\/pages\/3","targetHints":{"allow":["GET"]}}],"collection":[{"href":"https:\/\/choicespine-eifu.com\/de\/wp-json\/wp\/v2\/pages"}],"about":[{"href":"https:\/\/choicespine-eifu.com\/de\/wp-json\/wp\/v2\/types\/page"}],"author":[{"embeddable":true,"href":"https:\/\/choicespine-eifu.com\/de\/wp-json\/wp\/v2\/users\/3"}],"replies":[{"embeddable":true,"href":"https:\/\/choicespine-eifu.com\/de\/wp-json\/wp\/v2\/comments?post=3"}],"version-history":[{"count":0,"href":"https:\/\/choicespine-eifu.com\/de\/wp-json\/wp\/v2\/pages\/3\/revisions"}],"wp:attachment":[{"href":"https:\/\/choicespine-eifu.com\/de\/wp-json\/wp\/v2\/media?parent=3"}],"curies":[{"name":"wp","href":"https:\/\/api.w.org\/{rel}","templated":true}]}}