{"id":274,"date":"2020-10-06T08:12:10","date_gmt":"2020-10-06T12:12:10","guid":{"rendered":"https:\/\/choicespineifu.wpengine.com\/?page_id=274"},"modified":"2024-03-19T13:51:29","modified_gmt":"2024-03-19T17:51:29","slug":"terms-of-use","status":"publish","type":"page","link":"https:\/\/choicespine-eifu.com\/de\/terms-of-use\/","title":{"rendered":"Nutzungsbedingungen"},"content":{"rendered":"<style>.kb-row-layout-id274_21118f-7d > .kt-row-column-wrap{align-content:start;}:where(.kb-row-layout-id274_21118f-7d > .kt-row-column-wrap) > .wp-block-kadence-column{justify-content:start;}.kb-row-layout-id274_21118f-7d > .kt-row-column-wrap{column-gap:var(--global-kb-gap-md, 2rem);row-gap:var(--global-kb-gap-md, 2rem);max-width:1340px;padding-top:var(--global-kb-spacing-sm, 1.5rem);padding-right:var(--global-kb-spacing-md, 2rem);padding-bottom:var(--global-kb-spacing-sm, 1.5rem);padding-left:var(--global-kb-spacing-md, 2rem);grid-template-columns:minmax(0, 1fr);}.kb-row-layout-id274_21118f-7d > .kt-row-layout-overlay{opacity:0.30;}@media all and (max-width: 1024px){.kb-row-layout-id274_21118f-7d > .kt-row-column-wrap{grid-template-columns:minmax(0, 1fr);}}@media all and (max-width: 767px){.kb-row-layout-id274_21118f-7d > .kt-row-column-wrap{grid-template-columns:minmax(0, 1fr);}}<\/style><div class=\"kb-row-layout-wrap kb-row-layout-id274_21118f-7d alignnone wp-block-kadence-rowlayout\"><div class=\"kt-row-column-wrap kt-has-1-columns kt-row-layout-equal kt-tab-layout-inherit kt-mobile-layout-row kt-row-valign-top kb-theme-content-width\">\n<style>.kadence-column274_53321f-08 > .kt-inside-inner-col,.kadence-column274_53321f-08 > .kt-inside-inner-col:before{border-top-left-radius:0px;border-top-right-radius:0px;border-bottom-right-radius:0px;border-bottom-left-radius:0px;}.kadence-column274_53321f-08 > .kt-inside-inner-col{column-gap:var(--global-kb-gap-sm, 1rem);}.kadence-column274_53321f-08 > .kt-inside-inner-col{flex-direction:column;}.kadence-column274_53321f-08 > .kt-inside-inner-col > .aligncenter{width:100%;}.kadence-column274_53321f-08 > .kt-inside-inner-col:before{opacity:0.3;}.kadence-column274_53321f-08{position:relative;}@media all and (max-width: 1024px){.kadence-column274_53321f-08 > .kt-inside-inner-col{flex-direction:column;}}@media all and (max-width: 767px){.kadence-column274_53321f-08 > .kt-inside-inner-col{flex-direction:column;}}<\/style>\n<div class=\"wp-block-kadence-column kadence-column274_53321f-08 inner-column-1\"><div class=\"kt-inside-inner-col\">\n<h1 class=\"wp-block-heading\">Nutzungsbedingungen<\/h1>\n\n\n<p>Auf der ChoiceSpine eIFU-Website finden Sie eine Gebrauchsanweisung (IFU) und andere verwandte Informationen zu verschiedenen Produkten von ChoiceSpine. Diese Website richtet sich ausschlie\u00dflich an medizinisches Fachpersonal. <\/p>\n<p>Wenn Sie eine gedruckte Kopie eines IFU-Dokuments ben\u00f6tigen, fordern Sie diese von unserer Vertriebsunterst\u00fctzungsabteilung per E-Mail an salessupport@choicespine.com von Montag bis Freitag von 8:00 Uhr EST bis 17:00 Uhr EST an sieben (7) Werktage nach Erhalt der Anfrage. Die minimalen Browseranforderungen sind wie folgt: Chrome v89, Safari v14, Edge v89, Firefox v86, Opera v73.<\/p>\n<p>WARNHINWEIS: Sie sind im Begriff, eine private Website zu betreten, die auf die autorisierte Nutzung weltweit durch ChoiceSpine LLC und deren autorisierte Vertreter (\u201edas Unternehmen\u201c) beschr\u00e4nkt ist; es ist f\u00fcr medizinisches Fachpersonal und nur f\u00fcr gesch\u00e4ftliche Zwecke bestimmt. Der tats\u00e4chliche oder versuchte unbefugte Zugriff, die Nutzung oder \u00c4nderung der Website und ihrer Inhalte ist vom Unternehmen strengstens untersagt. Unbefugte Benutzer und\/oder unbefugte Nutzung werden gem\u00e4\u00df den geltenden in- und ausl\u00e4ndischen Gesetzen straf- und\/oder zivilrechtlich geahndet. Die Nutzung dieser Website kann aus Verwaltungs- und Sicherheitsgr\u00fcnden \u00fcberwacht und aufgezeichnet werden. Wenn eine solche \u00dcberwachung und\/oder Aufzeichnung m\u00f6gliche Beweise f\u00fcr kriminelle Aktivit\u00e4ten aufdeckt, kann das Unternehmen die \u00fcberwachten Beweise f\u00fcr diese Aktivit\u00e4ten den Strafverfolgungsbeh\u00f6rden zur Verf\u00fcgung stellen. Sie stimmen hiermit auch den zus\u00e4tzlichen Bedingungen in den &quot;Nutzungsbedingungen \/ rechtlichen Hinweisen&quot; zu, die \u00fcber den Link &quot;Nutzungsbedingungen&quot; in der unteren linken Ecke der Website-Seiten aufgerufen werden k\u00f6nnen.<\/p>\n<p>\u00a9 2026 ChoiceSpine LLC, sofern nicht anders angegeben. Alle Rechte vorbehalten.<\/p>\n\n<\/div><\/div>\n\n<\/div><\/div>","protected":false},"excerpt":{"rendered":"<p>Nutzungsbedingungen<\/p>","protected":false},"author":2,"featured_media":0,"parent":0,"menu_order":0,"comment_status":"closed","ping_status":"closed","template":"","meta":{"_acf_changed":false,"_kad_blocks_custom_css":"","_kad_blocks_head_custom_js":"","_kad_blocks_body_custom_js":"","_kad_blocks_footer_custom_js":"","footnotes":""},"class_list":["post-274","page","type-page","status-publish","hentry"],"acf":[],"yoast_head":"<!-- This site is optimized with the Yoast SEO plugin v22.8 - https:\/\/yoast.com\/wordpress\/plugins\/seo\/ -->\n<title>Terms of Use - ChoiceSpine IFU<\/title>\n<meta name=\"robots\" content=\"index, follow, max-snippet:-1, max-image-preview:large, max-video-preview:-1\" \/>\n<link rel=\"canonical\" href=\"https:\/\/choicespine-eifu.com\/de\/terms-of-use\/\" \/>\n<meta property=\"og:locale\" content=\"de_DE\" \/>\n<meta property=\"og:type\" content=\"article\" \/>\n<meta property=\"og:title\" content=\"Terms of Use - ChoiceSpine IFU\" \/>\n<meta property=\"og:description\" content=\"Terms of Use\" \/>\n<meta property=\"og:url\" content=\"https:\/\/choicespine-eifu.com\/de\/terms-of-use\/\" \/>\n<meta property=\"og:site_name\" content=\"ChoiceSpine IFU\" \/>\n<meta property=\"article:modified_time\" content=\"2024-03-19T17:51:29+00:00\" \/>\n<meta name=\"twitter:card\" content=\"summary_large_image\" \/>\n<script type=\"application\/ld+json\" class=\"yoast-schema-graph\">{\"@context\":\"https:\/\/schema.org\",\"@graph\":[{\"@type\":\"WebPage\",\"@id\":\"https:\/\/choicespine-eifu.com\/terms-of-use\/\",\"url\":\"https:\/\/choicespine-eifu.com\/terms-of-use\/\",\"name\":\"Terms of Use - ChoiceSpine IFU\",\"isPartOf\":{\"@id\":\"https:\/\/choicespine-eifu.com\/#website\"},\"datePublished\":\"2020-10-06T12:12:10+00:00\",\"dateModified\":\"2024-03-19T17:51:29+00:00\",\"inLanguage\":\"de-DE\",\"potentialAction\":[{\"@type\":\"ReadAction\",\"target\":[\"https:\/\/choicespine-eifu.com\/terms-of-use\/\"]}]},{\"@type\":\"WebSite\",\"@id\":\"https:\/\/choicespine-eifu.com\/#website\",\"url\":\"https:\/\/choicespine-eifu.com\/\",\"name\":\"ChoiceSpine IFU\",\"description\":\"ChoiceSpine IFU\",\"potentialAction\":[{\"@type\":\"SearchAction\",\"target\":{\"@type\":\"EntryPoint\",\"urlTemplate\":\"https:\/\/choicespine-eifu.com\/?s={search_term_string}\"},\"query-input\":\"required name=search_term_string\"}],\"inLanguage\":\"de-DE\"}]}<\/script>\n<!-- \/ Yoast SEO plugin. -->","yoast_head_json":{"title":"Terms of Use - ChoiceSpine IFU","robots":{"index":"index","follow":"follow","max-snippet":"max-snippet:-1","max-image-preview":"max-image-preview:large","max-video-preview":"max-video-preview:-1"},"canonical":"https:\/\/choicespine-eifu.com\/de\/terms-of-use\/","og_locale":"de_DE","og_type":"article","og_title":"Terms of Use - ChoiceSpine IFU","og_description":"Terms of Use","og_url":"https:\/\/choicespine-eifu.com\/de\/terms-of-use\/","og_site_name":"ChoiceSpine IFU","article_modified_time":"2024-03-19T17:51:29+00:00","twitter_card":"summary_large_image","schema":{"@context":"https:\/\/schema.org","@graph":[{"@type":"WebPage","@id":"https:\/\/choicespine-eifu.com\/terms-of-use\/","url":"https:\/\/choicespine-eifu.com\/terms-of-use\/","name":"Terms of Use - ChoiceSpine IFU","isPartOf":{"@id":"https:\/\/choicespine-eifu.com\/#website"},"datePublished":"2020-10-06T12:12:10+00:00","dateModified":"2024-03-19T17:51:29+00:00","inLanguage":"de-DE","potentialAction":[{"@type":"ReadAction","target":["https:\/\/choicespine-eifu.com\/terms-of-use\/"]}]},{"@type":"WebSite","@id":"https:\/\/choicespine-eifu.com\/#website","url":"https:\/\/choicespine-eifu.com\/","name":"ChoiceSpine IFU","description":"ChoiceSpine IFU","potentialAction":[{"@type":"SearchAction","target":{"@type":"EntryPoint","urlTemplate":"https:\/\/choicespine-eifu.com\/?s={search_term_string}"},"query-input":"required name=search_term_string"}],"inLanguage":"de-DE"}]}},"taxonomy_info":[],"featured_image_src_large":false,"author_info":{"display_name":"Quinton Mosley","author_link":"https:\/\/choicespine-eifu.com\/de\/author\/quintonasenmarketing-com\/"},"comment_info":"","_links":{"self":[{"href":"https:\/\/choicespine-eifu.com\/de\/wp-json\/wp\/v2\/pages\/274","targetHints":{"allow":["GET"]}}],"collection":[{"href":"https:\/\/choicespine-eifu.com\/de\/wp-json\/wp\/v2\/pages"}],"about":[{"href":"https:\/\/choicespine-eifu.com\/de\/wp-json\/wp\/v2\/types\/page"}],"author":[{"embeddable":true,"href":"https:\/\/choicespine-eifu.com\/de\/wp-json\/wp\/v2\/users\/2"}],"replies":[{"embeddable":true,"href":"https:\/\/choicespine-eifu.com\/de\/wp-json\/wp\/v2\/comments?post=274"}],"version-history":[{"count":0,"href":"https:\/\/choicespine-eifu.com\/de\/wp-json\/wp\/v2\/pages\/274\/revisions"}],"wp:attachment":[{"href":"https:\/\/choicespine-eifu.com\/de\/wp-json\/wp\/v2\/media?parent=274"}],"curies":[{"name":"wp","href":"https:\/\/api.w.org\/{rel}","templated":true}]}}